{"id":10085,"date":"2017-12-12T12:56:45","date_gmt":"2017-12-12T12:56:45","guid":{"rendered":"http:\/\/poradnia.designspektrum.pl\/?page_id=10085"},"modified":"2017-12-12T15:36:12","modified_gmt":"2017-12-12T15:36:12","slug":"wspolpraca-2","status":"publish","type":"page","link":"http:\/\/agnieszkaceglowska-dr.pl\/?page_id=10085","title":{"rendered":"Wsp\u00f3\u0142praca"},"content":{"rendered":"<div class=\"wpb-content-wrapper\"><p>[vc_row css=&#8221;.vc_custom_1513092967366{margin-top: -60px !important;}&#8221;][vc_column][rev_slider_vc alias=&#8221;informacja1&#8243;][\/vc_column][\/vc_row][vc_row][vc_column][vc_empty_space][\/vc_column][\/vc_row][vc_row][vc_column][vc_column_text]Jestem zainteresowana wsp\u00f3\u0142prac\u0105 na polu zawodowym i naukowym. Zapraszam do wymiany opinii, propozycji i pomys\u0142\u00f3w.[\/vc_column_text][\/vc_column][\/vc_row]<\/p>\n<\/div>","protected":false},"excerpt":{"rendered":"<p>[vc_row css=&#8221;.vc_custom_1513092967366{margin-top: -60px !important;}&#8221;][vc_column][rev_slider_vc alias=&#8221;informacja1&#8243;][\/vc_column][\/vc_row][vc_row][vc_column][vc_empty_space][\/vc_column][\/vc_row][vc_row][vc_column][vc_column_text]Jestem zainteresowana wsp\u00f3\u0142prac\u0105 na polu zawodowym i naukowym. Zapraszam do wymiany opinii, propozycji i pomys\u0142\u00f3w.[\/vc_column_text][\/vc_column][\/vc_row]<\/p>\n","protected":false},"author":1,"featured_media":0,"parent":0,"menu_order":0,"comment_status":"closed","ping_status":"closed","template":"","meta":[],"_links":{"self":[{"href":"http:\/\/agnieszkaceglowska-dr.pl\/index.php?rest_route=\/wp\/v2\/pages\/10085"}],"collection":[{"href":"http:\/\/agnieszkaceglowska-dr.pl\/index.php?rest_route=\/wp\/v2\/pages"}],"about":[{"href":"http:\/\/agnieszkaceglowska-dr.pl\/index.php?rest_route=\/wp\/v2\/types\/page"}],"author":[{"embeddable":true,"href":"http:\/\/agnieszkaceglowska-dr.pl\/index.php?rest_route=\/wp\/v2\/users\/1"}],"replies":[{"embeddable":true,"href":"http:\/\/agnieszkaceglowska-dr.pl\/index.php?rest_route=%2Fwp%2Fv2%2Fcomments&post=10085"}],"version-history":[{"count":3,"href":"http:\/\/agnieszkaceglowska-dr.pl\/index.php?rest_route=\/wp\/v2\/pages\/10085\/revisions"}],"predecessor-version":[{"id":10134,"href":"http:\/\/agnieszkaceglowska-dr.pl\/index.php?rest_route=\/wp\/v2\/pages\/10085\/revisions\/10134"}],"wp:attachment":[{"href":"http:\/\/agnieszkaceglowska-dr.pl\/index.php?rest_route=%2Fwp%2Fv2%2Fmedia&parent=10085"}],"curies":[{"name":"wp","href":"https:\/\/api.w.org\/{rel}","templated":true}]}}