{"id":10189,"date":"2017-12-15T09:58:13","date_gmt":"2017-12-15T09:58:13","guid":{"rendered":"http:\/\/poradnia.designspektrum.pl\/?page_id=10189"},"modified":"2019-11-17T09:41:56","modified_gmt":"2019-11-17T09:41:56","slug":"about-me","status":"publish","type":"page","link":"http:\/\/agnieszkaceglowska-dr.pl\/?page_id=10189&lang=en","title":{"rendered":"About me"},"content":{"rendered":"<div class=\"wpb-content-wrapper\"><p>[vc_row css=&#8221;.vc_custom_1513427966934{margin-top: -60px !important;}&#8221;][vc_column][rev_slider_vc alias=&#8221;informacja-en&#8221;][\/vc_column][\/vc_row][vc_row][vc_column offset=&#8221;vc_hidden-sm vc_hidden-xs&#8221;][vc_empty_space height=&#8221;100&#8243;][\/vc_column][\/vc_row][vc_row][vc_column][vc_column_text]<strong>AGNIESZKA EWA CEG\u0141OWSKA<\/strong><\/p>\n<p><strong>Doctor of medical science<\/strong><\/p>\n<p><strong>Specialist of gynaecology and obstetrics<\/strong><\/p>\n<p><strong>Clinical andrologist<\/strong><\/p>\n<p><strong>Menager of organization, management and economic in public health<\/strong><\/p>\n<p><strong>Endocrynology, estetic&#8217;s \u00a0gynaecology &#8211; operations<\/strong>[\/vc_column_text][\/vc_column][\/vc_row][vc_row][vc_column el_align=&#8221;center&#8221;]<div class=\"dt-sc-title  title-center  sep-bottom dt-sc-simple-title \"><h2>Education<\/h2><\/div>[\/vc_column][\/vc_row][vc_row][vc_column el_id=&#8221;The older assistent &#8211; &#8222;][vc_column_text]<\/p>\n<p style=\"text-align: center;\">Enforcement of title: doctor of medical science Medical University of Lodz Poland<\/p>\n<p style=\"text-align: center;\">Enforcement of title: Specialist of gynaecology and obstetrics (secound degree)<\/p>\n<p style=\"text-align: center;\">Postgraduate study of Istitute of Medical Work Lodz: Organization, management and economy in health care<\/p>\n<p style=\"text-align: center;\">Enforcement of title: Specialist of gynaecology and obstetrics (first degree) Medical Academy of Lodz<\/p>\n<p style=\"text-align: center;\">Enforcement of title: generalist<\/p>\n<p style=\"text-align: center;\">Secoundary School in Lodz<\/p>\n<p style=\"text-align: center;\">Primary School in Lodz<\/p>\n<p>[\/vc_column_text][\/vc_column][\/vc_row][vc_row][vc_column]<div class=\"dt-sc-title  title-center  sep-bottom dt-sc-simple-title \"><h2>Job\u2019s expiriences<\/h2><\/div>[\/vc_column][\/vc_row][vc_row][vc_column][vc_column_text]Enforcement of title: clinical andrologist of Polish Andrological Society<\/p>\n<p style=\"text-align: center;\">The older assistant &#8211; Gynaecological\u2019s Endocrynology Clinic in Duchess Anna Mazowiecka Hospital in Warsaw<\/p>\n<p style=\"text-align: center;\">Training course of andrology in European Academy of Andrology Lodz<\/p>\n<p style=\"text-align: center;\">Regional Centre of Osteoporosis and Menopause in Lodz<\/p>\n<p style=\"text-align: center;\">Endocrynology clinic and clinic of osteoporosis and menopause<\/p>\n<p style=\"text-align: center;\">Specialization of endocrynology<\/p>\n<p style=\"text-align: center;\">Endocrynological Department od Medical University of Lodz (MU of L)<\/p>\n<p style=\"text-align: center;\">Docotr\u2019s study MU of L<\/p>\n<p style=\"text-align: center;\">Department of Bone\u2019s Disorders and Bone\u2019s Metabolism MU of L<\/p>\n<p>&nbsp;<\/p>\n<p style=\"text-align: center;\">Private Practise in Lodz<\/p>\n<p style=\"text-align: center;\">Asisstant of Gynaecological and Obstetrics Word Hospital \u00a0Poland<\/p>\n<p style=\"text-align: center;\">Gynaecological Clinic Hospital of Ministry of interior Lodz<\/p>\n<p style=\"text-align: center;\">Younger asisstant of Gynaecology and Obstetrics Word Rydygier Hospital Lodz<\/p>\n<p style=\"text-align: center;\">Postgraduate residency ZOZ Lodz-Sr\u00f3dmie\u015bcie, Polish Mothers\u2019 Memorial Hospital Lodz<\/p>\n<p style=\"text-align: center;\">Student\u2019s residency Hospital in Athens Greece<\/p>\n<p>[\/vc_column_text][\/vc_column][\/vc_row][vc_row][vc_column]<div class=\"dt-sc-title  title-center  sep-bottom dt-sc-simple-title \"><h2>Achievements <\/h2><\/div>[\/vc_column][\/vc_row][vc_row][vc_column][vc_column_text]<\/p>\n<p style=\"text-align: center;\"><strong>2018<\/strong><\/p>\n<p style=\"text-align: center;\">Certifikate USG of Polish Gynaecological Society<br \/>\nDiploma Nr: 89\/2018<\/p>\n<p style=\"text-align: center;\"><strong>2016<\/strong><\/p>\n<p style=\"text-align: center;\">Membership of Polish Center of Research, Education and Monitoring<br \/>\nFertility Problems and Polish Andrology Society<\/p>\n<p style=\"text-align: center;\"><strong>2015<\/strong><\/p>\n<p style=\"text-align: center;\">Membership of PTMR ( Polish Sociey of Reproductive Medicine)<\/p>\n<p style=\"text-align: center;\"><strong>2014<\/strong><\/p>\n<p style=\"text-align: center;\">Membership of ESHRE (European Society of Human Reproduction End Embriology)<br \/>\nUpdating of certificate of Polish Gynaecological Society\u2019s section USG<br \/>\nDiploma nr: 180\/2014<br \/>\nDefence of dsc. thesis uder title: \u201eExpression of RANKL\/RANK\/OPG system in patisons with osteopenia and postmenopausal osteoporosis during HRT treatment\u201d<br \/>\nCertificate of USG of thyroid Polish Organs\u2019s Biopsy Society with cooperation with Polish Thyroid Society (Nr: 33\/10\/2014)<br \/>\nCertificate of thyroid\u2019s BACC of Polish Organ\u2019s Biopsy Society with cooperation with Polish Thyroid Society (Nr: 25\/11\/2014)<\/p>\n<p style=\"text-align: center;\"><strong>2010<\/strong><\/p>\n<p style=\"text-align: center;\">Certifikate USG of Polish Gynaecological Society<br \/>\nDiploma Nr: 168\/10<\/p>\n<p style=\"text-align: center;\"><strong>2005<\/strong><\/p>\n<p style=\"text-align: center;\">Title of specialist of gynaecologist and obstetreics (secound degree)<br \/>\nCertificate of USG The Fetal Medical Foundatuin<br \/>\nID No: 4256<\/p>\n<p style=\"text-align: center;\"><strong>1999<\/strong><\/p>\n<p style=\"text-align: center;\">Title of specialist of gynaecologist and obstetrics (first degree)<\/p>\n<div id=\"selenium-highlight\"><\/div>\n<p>[\/vc_column_text][\/vc_column][\/vc_row][vc_row][vc_column]<div class=\"dt-sc-title  title-center  sep-bottom dt-sc-simple-title \"><h2>Trainings <\/h2><\/div>[\/vc_column][\/vc_row][vc_row][vc_column el_id=&#8221;2019&#8243;][vc_column_text]<strong>2019<\/strong><\/p>\n<p>Conference: PTA The 21-st Day of Andrology<\/p>\n<p>Conference: Develpment of Scientific Cooperation in Reproductive Medicine Research V<\/p>\n<p>Scientific course: Gynaegology 2019<\/p>\n<p>Conference: Clinical recommendations of Polish Diabetology Society 2019: how to treat diabetes and it&#8217;s comlications?<\/p>\n<p><strong>2018<\/strong><\/p>\n<p style=\"text-align: center;\">Conference: Advances in oncology<\/p>\n<p style=\"text-align: center;\">Practise workshop of USG<\/p>\n<p style=\"text-align: center;\">Course: Practise using of echocardiography in prenatal diagnostic.\u00a0Basis of fetal&#8217;s heart treatment. Show of USG treatment and practise hints in diagnostic, clinical progress and prognosis in fetal&#8217;s heart defects.<\/p>\n<p style=\"text-align: center;\">Course: Diagnostic and treatments in infertility. Application of USG\u00a0 in gynaecology.<\/p>\n<p style=\"text-align: center;\">Course: Diagnostic of fetal defects. Standards of USG examinations in I and II trimestr of pregnancy. Clinical recommendation of Polish Diabetology Society 2018 &#8211; how to treat diabetes and it&#8217;s complications?<\/p>\n<p>Course: Clinical andrology &#8211; \u0141\u00f3d\u017a<\/p>\n<p>Course: Clinical andrology &#8211; Pozna\u0144<\/p>\n<p>Conference: Gynaegology 2018 &#8211; standadrs of activity, the recent reports<\/p>\n<p>Program of Certification of Gynaegological Clinics &#8211; disorders of procreation &#8211; the gynaecological &#8211; obstetrics\u00a0 \u00a0problems<\/p>\n<p>Conference: The 20th Day of Andrology<\/p>\n<p>&nbsp;<\/p>\n<p style=\"text-align: center;\"><strong>2017<\/strong><br \/>\nUSG course in tractu Forum in gynaecology and practical perinatology<br \/>\nIan Donald School Course<br \/>\nForum in gynaecology and practical perinatology<br \/>\nStandards of management in gynaecology and obstetrics<br \/>\nConference ABC gynaecology and obstetrics<br \/>\nConference 19 th Day Of Anrology<\/p>\n<p style=\"text-align: center;\"><strong>2016<\/strong><br \/>\nConference: Ginaecological Oncology 2016<br \/>\nConference: Gynaecology 2016 \u2013 standards of management, new achievements<br \/>\nClinical recommendation of Polish Diabetology Society 2016 \u2013 how to treat diabetes and its complications?<br \/>\nWorkshop: Andrology for specialist of ginaecology and reproductive medicine<br \/>\nConference: Development of Scientific Cooperation in Reproductive<br \/>\nMedicine Research III<br \/>\nAndrology training: Endocrynology in andrology<br \/>\nAndrology training: Urology in andrology<\/p>\n<p style=\"text-align: center;\"><strong>2015<\/strong><br \/>\nConference: ECHA ASBMR 2014 Lodz<br \/>\nConference: Gynaecology 2015 Lodz<br \/>\nConference: Clinical recomenndation of Polish Diabetes Society (PDS) \u2013 How diabetes and its compications should be treated ? Lodz<br \/>\nXXXII Congress of Polish Gynaecological Society (PTG) \u0141odz<br \/>\nMale infertility training in European Academy of Andorlogy (EAA) in Lodz<br \/>\nConference of Polish Andrology Society<br \/>\nWorkshop IMSI and automatically assement of semen<br \/>\nIII Symposion of Polish Reproductive Medicine and Gynaecological<br \/>\nEndocrynology<\/p>\n<p style=\"text-align: center;\"><strong>2014<\/strong><br \/>\nConference: ECHA ASBMR 2013 Lodz<br \/>\nCours needed to certificate to estimate fetal heart &#8211; section USG<br \/>\nPolish Gynaecological Society (PTG) Pozna\u0144 Poland<br \/>\nPractise workshop of USG Pozna\u0144<br \/>\nRate needed to certificate of preantal reaserch \u2013 section USG PTG Pozna\u0144<br \/>\nConference : Clinical recomendations PDS 2014 Lodz<br \/>\nConference : University of Women\u2019s Health<br \/>\nEducational scientificially sympozjum : Gynaecogy<\/p>\n<p style=\"text-align: center;\"><strong>2014<\/strong><br \/>\nCogress : Woman and Man \u2013 reprductional and sexual health<br \/>\nRate : Thyroid\u2019s USG<br \/>\nXVI Conference of familiar and specialization\u2019s medicine<\/p>\n<p style=\"text-align: center;\"><strong>2013<\/strong><br \/>\nConference : ECHA ASBMR 2012 Lodz<br \/>\nConference : 10th Baltic Bone<br \/>\nConference : New trends in infertility treatment Warsaw Poland<\/p>\n<p style=\"text-align: center;\"><strong>2012<\/strong><br \/>\nRate perfecting : Pathology of pregnancy<br \/>\nConference : Modern woman \u2013 brilliance and shadows<br \/>\nRate : Modern views concerning patophisiology and diseases of endocrine system<\/p>\n<p style=\"text-align: center;\"><strong>2011<\/strong><br \/>\nConference : University of woman health \u2013 modern woman \u2013 brillance and shadows<br \/>\nV Congress Postgraduate Academy &#8211; Gynaecology<br \/>\nRate : Public health<br \/>\nRate : Oncological diseases of endocinological glans<br \/>\nRate : Disturbances of growing and genital maturing \u2013 diagnostics and therapeutic difficulties<\/p>\n<p style=\"text-align: center;\"><strong>2010<\/strong><br \/>\nConference : Diabetes based on facts<br \/>\nConference : Bon as endocrine organ \u2013 turing point in understending of XXI week\u2019s diseases<br \/>\nSympozjum: gynaegology 2010 \u2013 procedur\u2019s standard , newest reports<br \/>\nRate : Introduction to specialization of endocrinology<br \/>\nRate : USG in diagnostics of compicated pregnancy in hypertension induced pregnancy<br \/>\nRate : USG in pregnancy complicated by diabetes and praterm Latour<br \/>\nDefects of development foetus<br \/>\nRate : USG in gynaecology and diagnostics of mammary gland<br \/>\nDiagnostic of defects of fetous heart<br \/>\nConference : University of woman\u2019s health \u2013 modern woman brillance and shadows<\/p>\n<p style=\"text-align: center;\"><strong>2009<\/strong><br \/>\nTraining : Civil responsibility of doctor of gynaecology nad obstetrics<br \/>\nConference : Modern topice in perinatal medicine<br \/>\nSympozjum : 24+4 \u2013 New scheme of donation in modern hormonal<br \/>\ncontraception<br \/>\nSympozjum : Gynaecology 2009 \u2013 standards in procedurs, new trends<br \/>\nWorkshop : Dermatological disturbances in gynaecology<br \/>\nCongress PTG<br \/>\nRate : Modern USG technic of visualisation in obstetrics and Neonatology<\/p>\n<p style=\"text-align: center;\"><strong>2008<\/strong><br \/>\nPerfecting rate : Patology and diseases of mammary gland<br \/>\nSympozjum : Gynaecology 2008 \u2013 standards in procedurs, new trends<br \/>\nTraining : Modern technologies in diagnostic and operative hysteroscopy<br \/>\nAdvanced rate in colposcopy<br \/>\nConference : Face in estetical medicine<br \/>\nRate : Chemical peeling Tournover Peel System<br \/>\nBiorevitalisation of face Plinest and Plinest Fast<br \/>\nCongress of Estetical and Anti-Aging Medicine<br \/>\nRate : Deletion of mimical wrinkles at use botuline toxine<\/p>\n<p style=\"text-align: center;\"><strong>2007<\/strong><br \/>\nWorkshop : Diagnostic and prevention of cervix uterine disease<br \/>\nCongress : Mirena<br \/>\nTraining : Modern technology in diagnostic and operative hystroscopy<br \/>\nBasal rate in colposcopy<br \/>\nConference : Immunotherapy in gynaecology and obstetrics<br \/>\nCongress : USG in gynaecology and obstetrics<\/p>\n<p style=\"text-align: center;\"><strong>2006<\/strong><br \/>\nTraining : Advanced laparoscopic and hysteroscopic technic<br \/>\nConference : Advances in preanatal USG<br \/>\nConference : Progress in diagnostics of foetus defects<br \/>\nRegister of foetus defects in Lodz district<\/p>\n<p style=\"text-align: center;\"><strong>2005<\/strong><br \/>\nSympozjum : Advances and diagnostics and therapy in gynaecology and obstetrics<br \/>\nRate : Hot topice in fetal medicine<\/p>\n<p style=\"text-align: center;\"><strong>2004<\/strong><br \/>\nConference : How to traet mental disturbances in chosen states and hormonal disturbances?<br \/>\nRate: Prenatal diagnostics and therapy of urinary tract\u2019s defects<br \/>\nModern visualisation in infertility treatment<\/p>\n<p style=\"text-align: center;\"><strong>2003<\/strong><br \/>\nConference : Rational antibiotic therapy in adults<br \/>\nCongress PTG<br \/>\nTraining from range kriochirurgy and attendance of kriochirurgy aparat<br \/>\nKryoflex<br \/>\nRate : Doppler diagnostics in gynaegology and obstetrics<br \/>\nRate : USG standards in gynaecology nad obststrics<\/p>\n<p style=\"text-align: center;\"><strong>2002<\/strong><br \/>\nSympozjum : Advances in diagnostics and therapy obstetrical patology<br \/>\nCongress Polish Society of Perinatal Medicine : Perinatology of XXI age<br \/>\nMenopausal Congress<\/p>\n<p style=\"text-align: center;\"><strong>1999<\/strong><br \/>\nPerfecting rate : Cardiological problems in foetus<\/p>\n<div id=\"selenium-highlight\"><\/div>\n<p>[\/vc_column_text][\/vc_column][\/vc_row][vc_row][vc_column][vc_column_text]<strong>Ability<\/strong><br \/>\nGynaecological, obstetrical USG<br \/>\nUSG of thyroid and mam mary glans<br \/>\nThyroid\u2019s BACC<br \/>\nColposcopy<br \/>\nKriochirurgy<br \/>\nLaserotherapy<br \/>\nHisteroscopy<br \/>\nEstetical gynaecology<\/p>\n<p><strong>Professional interests<\/strong><br \/>\nResearch work in infertility,<br \/>\nEndocynological and gynaecological defects<\/p>\n<p><strong>Linguages<\/strong><br \/>\nPolish \u2013 familiar linguage<br \/>\nEnglish advanced<br \/>\nRussian \u2013 comunicative<\/p>\n<p><strong>Publications:<\/strong><br \/>\nThe list of quoted publications on www. researchgate. net. \\<\/p>\n<p><strong>Originals publications:<\/strong><\/p>\n<p>1. Stuss M, Rieske P, Ceglowska A, St\u0119pie\u0144-K\u0142os W, Liberski PP, Brzezianska E, Sewerynek E.<\/p>\n<p>Assessment of OPG\/RANK\/RANKL Gene Expression Levels in Peripheral Blood Mononuclear Cells (PBMC) After Treatment With Strontium Ranelate and Ibandronate in Patients With Postmenopausal Osteoporosis.<\/p>\n<p>J Clin Endocrinol Metab 2013 May; 98(5): E1007-11<br \/>\nIF= 5.967 (za 2011)<\/p>\n<p>2 .Ewa Sewerynek, Hanna Horst-Sikorska, Wioletta St\u0119pie\u0144-K\u0142os, Agnieszka Antkowiak, Ma\u0142gorzata Janik, Karol Cie\u015blak, Michalina Marcinkowska, Agnieszka Ceg\u0142owska, Micha\u0142 Stuss<br \/>\nThe role of counselling and other factors in compliance of postmenopausal osteoporotic patients to alendronate 70 therapy<br \/>\nArch Med Sci 2013; 9, 2: 288-296<br \/>\nIF=1,214 (za 2011)<\/p>\n<p>3. Sewerynek E, Horst-Sikorska W, St\u0119pie\u0144-K\u0142os W, Antkowiak A, Janik M, Cie\u015blak K, Marcinkowska M, Ma\u0142kowski B, Karzewnik E, Ceg\u0142owska A, Tabaszewska M, Lasota M, Krupi\u0144ska G, Gl\u0105dalska A, Stuss M. Opieka piel\u0119gniarska i cz\u0119sty spos\u00f3b monitorowania wp\u0142ywa na popraw\u0119 przestrzegania zalece\u0144 lekarskich w trakcie terapii pacjentek z osteoporoz\u0105 pomenopauzaln\u0105 alendronianem 70.<br \/>\nPost\u0119py Polskiej Medycyny i Farmacji 2012; 2: 11-20<\/p>\n<p>4. Ceg\u0142owska A. Przebieg ci\u0105\u017cy, porodu i po\u0142ogu u wielor\u00f3dki z guzem \u015bledziony.<br \/>\nGinekol. Pol. 2003; 74(8): 629-632. IF=0,786<\/p>\n<p>5. Ceg\u0142owska A, Michalski A. Renal cell carcinoma during pregnancy. Ginekol. Pol.<br \/>\n2004; 75(2): 145-149. IF=0,786<br \/>\n6. Ceg\u0142owska A, S\u0142owikowska \u2013 Hilczer J. Azoospermia \u2013 causes, diagnostics, tratment. Post\u0119py andrologii online. 2017, 4 (1): 1-12. IC=49,19<\/p>\n<p>Streszczenia zjazdowe:<\/p>\n<p>1. Janik M, Ptaszek A, Stuss M, Ceg\u0142owska A, St\u0119pie\u0144-K\u0142os, Sewerynek E. Ocena parametr\u00f3w antropometrycznych oraz sk\u0142adu cia\u0142a u pacjentek leczonych z powodu osteoporozy. 4th Central European Congress on Osteoporosis and Osteoarthritis; 16th Congress of polish Osteoarthrology Society and Polish Foundation of Osteoporosis, Krak\u00f3w 29 wrzesnia- 1 pa\u017adziernika 2011<br \/>\nOrtopedia Traumatologia Rehabilitacja 2011; vol. 13, supl 1, abstract L48 str 95<\/p>\n<p>2. Micha\u0142 Stuss, Piotr Rieske, Agnieszka Ceg\u0142owska, Wioletta St\u0119pie\u0144-K\u0142os, Monika Sieruta,\u00a0Dominika Kulczycka-Wojdala, Pawe\u0142 Liberski, Ewa Sewerynek. Ocena ekspresji gen\u00f3w OPG\/RANK\/RANKL w\u00a0kom\u00f3rkach jednoj\u0105drzastych krwi oraz\u00a0zmian produkt\u00f3w gen\u00f3w OPG i\u00a0RANKL po\u00a0terapii ranelinianem strontu i\u00a0ibandronianem u\u00a0pacjentek z\u00a0osteoporoz\u0105 pomenopauzaln\u0105<br \/>\nDoniesienia plakatowe w ramach XX Zjazdu Polskiego Towarzystwa Endokrynologicznego 27-29 wrze\u015bnia 2012, Pozna\u0144. Endokrynologia Polska supl. Vol 63, 2012, abstrakt nr 98, str 149-150<br \/>\n3. Ewa Sewerynek, Wanda Horst-Sikorska, Wioletta St\u0119pie\u0144-K\u0142os, Agnieszka Antkowiak, Ma\u0142gorzata Janik, Karol Cie\u015blak, Michalina Marcinkowska, Bogdan Ma\u0142kowski, Ewa Karzewnik, Agnieszka Ceg\u0142owska, Maria Tabaszewska, Marek Lasota, Gra\u017cyna Krupi\u0144ska, Anna Gl\u0105dalska, Micha\u0142 Stuss. Opieka piel\u0119gniarska i\u00a0cz\u0119sty spos\u00f3b monitorowania wp\u0142ywa na\u00a0popraw\u0119 przestrzegania zalece\u0144 lekarskich w\u00a0trakcie terapii pacjentek z\u00a0osteoporoz\u0105 pomenopauzaln\u0105 alendronianem 70<br \/>\nDoniesienia plakatowe w ramach XX Zjazdu Polskiego Towarzystwa Endokrynologicznego 27-29 wrze\u015bnia 2012, Pozna\u0144. Endokrynologia Polska supl. Vol 63, 2012, abstrakt nr 167, str 132<\/p>\n<p>4. Autorzy: Micha\u0142 Stuss, Agnieszka Ceglowska, Wioletta Stepie\u0144-Klos, Ewa Sewerynek.<br \/>\nTytu\u0142: Assessment of OPG and RAN KL serum levels after treatment with strontium ranelate and ibandronate in patients with postmenopausal osteoporosis.<br \/>\nTytu\u0142 ca\u0142o\u015bci: W: Poster Abstracts Book<br \/>\nAdres wydawniczy: Pozna\u0144, 2013<br \/>\nStrony: s. 9-10<br \/>\nKonferencja: 10th Baltic Bone and Cartilage Conference, 6-8 czerwca, 2013<br \/>\nTyp publikacji: PFZ<br \/>\nTyp publikacji: P<br \/>\nJ\u0119zyk publikacji: EN<br \/>\nPraca afiliowana przez UMED<\/p>\n<p>5. Stuss M, Ceg\u0142owska A, Rieske P, St\u0119pie\u0144-K\u0142os W, Liberski, Sewerynek E. Assessment of OPG\/RANK\/RANKL gene expression levels In peripheral blond mononuclear Celle after treatment with hormone replacement therapy and tibolone In patients after menopause with osteopenia Or postmenopausal osteoporosis. Endocrine Abstracts (2014) 35 P97 I DOI:10.1530\/endoabst.53.P97<\/p>\n<p>&nbsp;<\/p>\n<p>[\/vc_column_text][\/vc_column][\/vc_row]<\/p>\n<\/div>","protected":false},"excerpt":{"rendered":"<p>[vc_row css=&#8221;.vc_custom_1513427966934{margin-top: -60px !important;}&#8221;][vc_column][rev_slider_vc alias=&#8221;informacja-en&#8221;][\/vc_column][\/vc_row][vc_row][vc_column offset=&#8221;vc_hidden-sm vc_hidden-xs&#8221;][vc_empty_space height=&#8221;100&#8243;][\/vc_column][\/vc_row][vc_row][vc_column][vc_column_text]AGNIESZKA EWA CEG\u0141OWSKA Doctor of medical science Specialist of gynaecology and obstetrics Clinical andrologist Menager of organization, management and economic in public health Endocrynology, estetic&#8217;s \u00a0gynaecology &#8211; operations[\/vc_column_text][\/vc_column][\/vc_row][vc_row][vc_column el_align=&#8221;center&#8221;][\/vc_column][\/vc_row][vc_row][vc_column el_id=&#8221;The older assistent &#8211; &#8222;][vc_column_text] Enforcement of title: doctor of medical science Medical University of Lodz Poland Enforcement of [&hellip;]<\/p>\n","protected":false},"author":1,"featured_media":0,"parent":0,"menu_order":0,"comment_status":"closed","ping_status":"closed","template":"","meta":[],"_links":{"self":[{"href":"http:\/\/agnieszkaceglowska-dr.pl\/index.php?rest_route=\/wp\/v2\/pages\/10189"}],"collection":[{"href":"http:\/\/agnieszkaceglowska-dr.pl\/index.php?rest_route=\/wp\/v2\/pages"}],"about":[{"href":"http:\/\/agnieszkaceglowska-dr.pl\/index.php?rest_route=\/wp\/v2\/types\/page"}],"author":[{"embeddable":true,"href":"http:\/\/agnieszkaceglowska-dr.pl\/index.php?rest_route=\/wp\/v2\/users\/1"}],"replies":[{"embeddable":true,"href":"http:\/\/agnieszkaceglowska-dr.pl\/index.php?rest_route=%2Fwp%2Fv2%2Fcomments&post=10189"}],"version-history":[{"count":34,"href":"http:\/\/agnieszkaceglowska-dr.pl\/index.php?rest_route=\/wp\/v2\/pages\/10189\/revisions"}],"predecessor-version":[{"id":10794,"href":"http:\/\/agnieszkaceglowska-dr.pl\/index.php?rest_route=\/wp\/v2\/pages\/10189\/revisions\/10794"}],"wp:attachment":[{"href":"http:\/\/agnieszkaceglowska-dr.pl\/index.php?rest_route=%2Fwp%2Fv2%2Fmedia&parent=10189"}],"curies":[{"name":"wp","href":"https:\/\/api.w.org\/{rel}","templated":true}]}}