{"id":10655,"date":"2019-07-28T19:59:25","date_gmt":"2019-07-28T19:59:25","guid":{"rendered":"http:\/\/agnieszkaceglowska-dr.pl\/?page_id=10655"},"modified":"2020-02-05T16:47:18","modified_gmt":"2020-02-05T16:47:18","slug":"pomowienia","status":"publish","type":"page","link":"http:\/\/agnieszkaceglowska-dr.pl\/?page_id=10655","title":{"rendered":"Pom\u00f3wienia"},"content":{"rendered":"<div class=\"wpb-content-wrapper\"><p>[vc_row][vc_column][vc_column_text css=&#8221;.vc_custom_1580921229080{margin-top: 20% !important;}&#8221;]Art. 212 kk:<\/p>\n<ol>\n<li>Kto pomawia inn\u0105 osob\u0119, grup\u0119 os\u00f3b, instytucj\u0119, osob\u0119 prawn\u0105 lub organizacyjn\u0105 niemaj\u0105ca osobowo\u015bci prawnej o takie postepowanie lub w\u0142a\u015bciwo\u015bci, kt\u00f3re mog\u0105 poni\u017cy\u0107 j\u0105 w opinii publicznej lub narazi\u0107 na utrat\u0119 zaufania potrzebnego dla danego stanowiska, zawodu lub rodzaju dzia\u0142alno\u015bci, podlega grzywnie albo karze ograniczenia wolno\u015bci.<\/li>\n<li>Je\u015bli sprawca dopuszcza si\u0119 czynu okre\u015blnego w &amp; 1 za pomoc\u0105 \u015brodk\u00f3w masowego komunikowania si\u0119, podlega grzywnie, karze ograniczenia wolno\u015bci albo pozbawienia wolno\u015bci do roku.<\/li>\n<li>W razie skazania za przest\u0119pstwo okre\u015blone w &amp; 1 lub 2 s\u0105d mo\u017ce orzec nawi\u0105zk\u0119 na rzecz pokrzywdzonego, PCK albo inny cel spo\u0142eczny wskazany przez pokrzywdzonego.<\/li>\n<li>\u015aciganie przest\u0119pstwa okre\u015blonego w &amp; 1 lub 2 odbywa si\u0119 z oskar\u017cenia prywatnego.<\/li>\n<\/ol>\n<p>&nbsp;<\/p>\n<p>Dzi\u0119kuj\u0119 serdecznie moim pacjentom za liczn\u0105 korespondencj\u0119 kierowan\u0105 do mnie w\/s pom\u00f3wie\u0144 wobec mnie.[\/vc_column_text][\/vc_column][\/vc_row]<\/p>\n<\/div>","protected":false},"excerpt":{"rendered":"<p>[vc_row][vc_column][vc_column_text css=&#8221;.vc_custom_1580921229080{margin-top: 20% !important;}&#8221;]Art. 212 kk: Kto pomawia inn\u0105 osob\u0119, grup\u0119 os\u00f3b, instytucj\u0119, osob\u0119 prawn\u0105 lub organizacyjn\u0105 niemaj\u0105ca osobowo\u015bci prawnej o takie postepowanie lub w\u0142a\u015bciwo\u015bci, kt\u00f3re mog\u0105 poni\u017cy\u0107 j\u0105 w opinii publicznej lub narazi\u0107 na utrat\u0119 zaufania potrzebnego dla danego stanowiska, zawodu lub rodzaju dzia\u0142alno\u015bci, podlega grzywnie albo karze ograniczenia wolno\u015bci. Je\u015bli sprawca dopuszcza si\u0119 [&hellip;]<\/p>\n","protected":false},"author":2,"featured_media":0,"parent":0,"menu_order":0,"comment_status":"closed","ping_status":"closed","template":"","meta":[],"_links":{"self":[{"href":"http:\/\/agnieszkaceglowska-dr.pl\/index.php?rest_route=\/wp\/v2\/pages\/10655"}],"collection":[{"href":"http:\/\/agnieszkaceglowska-dr.pl\/index.php?rest_route=\/wp\/v2\/pages"}],"about":[{"href":"http:\/\/agnieszkaceglowska-dr.pl\/index.php?rest_route=\/wp\/v2\/types\/page"}],"author":[{"embeddable":true,"href":"http:\/\/agnieszkaceglowska-dr.pl\/index.php?rest_route=\/wp\/v2\/users\/2"}],"replies":[{"embeddable":true,"href":"http:\/\/agnieszkaceglowska-dr.pl\/index.php?rest_route=%2Fwp%2Fv2%2Fcomments&post=10655"}],"version-history":[{"count":2,"href":"http:\/\/agnieszkaceglowska-dr.pl\/index.php?rest_route=\/wp\/v2\/pages\/10655\/revisions"}],"predecessor-version":[{"id":10686,"href":"http:\/\/agnieszkaceglowska-dr.pl\/index.php?rest_route=\/wp\/v2\/pages\/10655\/revisions\/10686"}],"wp:attachment":[{"href":"http:\/\/agnieszkaceglowska-dr.pl\/index.php?rest_route=%2Fwp%2Fv2%2Fmedia&parent=10655"}],"curies":[{"name":"wp","href":"https:\/\/api.w.org\/{rel}","templated":true}]}}