{"id":9329,"date":"2017-11-20T12:39:18","date_gmt":"2017-11-20T12:39:18","guid":{"rendered":"http:\/\/poradnia.designspektrum.pl\/?page_id=9329"},"modified":"2017-12-27T09:25:28","modified_gmt":"2017-12-27T09:25:28","slug":"zakres-uslug","status":"publish","type":"page","link":"http:\/\/agnieszkaceglowska-dr.pl\/?page_id=9329","title":{"rendered":"Zakres us\u0142ug"},"content":{"rendered":"<div class=\"wpb-content-wrapper\"><p>[vc_row css=&#8221;.vc_custom_1513092920745{margin-top: -60px !important;}&#8221;][vc_column][rev_slider_vc alias=&#8221;informacja1&#8243;][\/vc_column][\/vc_row][vc_row][vc_column][vc_empty_space][\/vc_column][\/vc_row][vc_row][vc_column]<div class=\"dt-sc-title  title-center  sep-bottom dt-sc-simple-title \"><h2>Zakres us\u0142ug<\/h2><\/div>[\/vc_column][\/vc_row][vc_row][vc_column][vc_empty_space][\/vc_column][\/vc_row][vc_row][vc_column el_align=&#8221;left&#8221; width=&#8221;5\/6&#8243;]<ol>\n<li>Diagnostyka i leczenie niep\u0142odno\u015bci:\n<ol>\n<li>monitorowanie cyklu \u2013 USG owulacyjne, badania hormonalne<\/li>\n<li>hormonalna stymulacja cykli<\/li>\n<li>HSG USG \u2013 ocena dro\u017cno\u015bci pod kontrol\u0105 USG<\/li>\n<li>inseminacje<\/li>\n<\/ol>\n<\/li>\n<li>Prowadzenie ci\u0105\u017cy prawid\u0142owej i powik\u0142anej<\/li>\n<li>Diagnostyka i leczenie zaburze\u0144 endokrynologiczno-ginekologicznych<\/li>\n<li>USG: ci\u0105\u017cy (w tym genetyczne PRISCA, NIFTY, HARMONY), ginekologiczne, piersi i tarczycy<\/li>\n<li>BACC tarczycy<\/li>\n<li>Kolposkopia + wycinki z szyjki macicy i sromu<\/li>\n<li>Schorzenia andrologiczne<\/li>\n<li>Zabiegowe leczenie nad\u017cerek, zmian na sromie i w pochwie<\/li>\n<li>Usuwanie polip\u00f3w i pobieranie materia\u0142u z kana\u0142u i jamy macicy do bada\u0144 hist &#8211; pat<\/li>\n<li>Antykoncepcja &#8211; w tym r\u00f3wnie\u017c zak\u0142adanie wk\u0142adek wewn\u0105trzmacicznych z hormonem i bez, implant\u00f3w oraz ich usuwanie<\/li>\n<li>Diagnostyka genetyczna, infekcji<\/li>\n<li>Histeroskopia diagnostyczna i operacyjna<\/li>\n<li>Medycyna estetyczna w ginekologii<\/li>\n<\/ol>[\/vc_column][vc_column width=&#8221;1\/6&#8243;]<img src=\"http:\/\/agnieszkaceglowska-dr.pl\/wp-content\/uploads\/2017\/11\/ciaza2.png\" class=\"aligncenter \" alt=\"Image\"\/>[\/vc_column][\/vc_row][vc_row][vc_column][vc_empty_space][\/vc_column][\/vc_row][vc_row][vc_column width=&#8221;1\/4&#8243;][\/vc_column][vc_column el_align=&#8221;center&#8221; width=&#8221;1\/4&#8243;][vc_single_image image=&#8221;9545&#8243; img_size=&#8221;full&#8221;][\/vc_column][vc_column width=&#8221;1\/4&#8243;]<h3>Kontakt<\/h3><h5>Je\u015bli masz jakiekolwiek pytania?<\/h5>[\/vc_column][vc_column width=&#8221;1\/4&#8243;][\/vc_column][\/vc_row]<\/p>\n<\/div>","protected":false},"excerpt":{"rendered":"<p>[vc_row css=&#8221;.vc_custom_1513092920745{margin-top: -60px !important;}&#8221;][vc_column][rev_slider_vc alias=&#8221;informacja1&#8243;][\/vc_column][\/vc_row][vc_row][vc_column][vc_empty_space][\/vc_column][\/vc_row][vc_row][vc_column][\/vc_column][\/vc_row][vc_row][vc_column][vc_empty_space][\/vc_column][\/vc_row][vc_row][vc_column el_align=&#8221;left&#8221; width=&#8221;5\/6&#8243;][\/vc_column][vc_column width=&#8221;1\/6&#8243;][\/vc_column][\/vc_row][vc_row][vc_column][vc_empty_space][\/vc_column][\/vc_row][vc_row][vc_column width=&#8221;1\/4&#8243;][\/vc_column][vc_column el_align=&#8221;center&#8221; width=&#8221;1\/4&#8243;][vc_single_image image=&#8221;9545&#8243; img_size=&#8221;full&#8221;][\/vc_column][vc_column width=&#8221;1\/4&#8243;][\/vc_column][vc_column width=&#8221;1\/4&#8243;][\/vc_column][\/vc_row]<\/p>\n","protected":false},"author":1,"featured_media":0,"parent":0,"menu_order":1,"comment_status":"closed","ping_status":"closed","template":"","meta":[],"_links":{"self":[{"href":"http:\/\/agnieszkaceglowska-dr.pl\/index.php?rest_route=\/wp\/v2\/pages\/9329"}],"collection":[{"href":"http:\/\/agnieszkaceglowska-dr.pl\/index.php?rest_route=\/wp\/v2\/pages"}],"about":[{"href":"http:\/\/agnieszkaceglowska-dr.pl\/index.php?rest_route=\/wp\/v2\/types\/page"}],"author":[{"embeddable":true,"href":"http:\/\/agnieszkaceglowska-dr.pl\/index.php?rest_route=\/wp\/v2\/users\/1"}],"replies":[{"embeddable":true,"href":"http:\/\/agnieszkaceglowska-dr.pl\/index.php?rest_route=%2Fwp%2Fv2%2Fcomments&post=9329"}],"version-history":[{"count":38,"href":"http:\/\/agnieszkaceglowska-dr.pl\/index.php?rest_route=\/wp\/v2\/pages\/9329\/revisions"}],"predecessor-version":[{"id":10319,"href":"http:\/\/agnieszkaceglowska-dr.pl\/index.php?rest_route=\/wp\/v2\/pages\/9329\/revisions\/10319"}],"wp:attachment":[{"href":"http:\/\/agnieszkaceglowska-dr.pl\/index.php?rest_route=%2Fwp%2Fv2%2Fmedia&parent=9329"}],"curies":[{"name":"wp","href":"https:\/\/api.w.org\/{rel}","templated":true}]}}